{"id":412,"date":"2022-12-18T21:20:13","date_gmt":"2022-12-18T21:20:13","guid":{"rendered":"https:\/\/www.gain-twinning.eu\/?page_id=412"},"modified":"2022-12-19T12:00:56","modified_gmt":"2022-12-19T12:00:56","slug":"legal-notice","status":"publish","type":"page","link":"https:\/\/www.gain-twinning.eu\/?page_id=412","title":{"rendered":"Legal Notice"},"content":{"rendered":"\t\t<div data-elementor-type=\"wp-page\" data-elementor-id=\"412\" class=\"elementor elementor-412\">\n\t\t\t\t\t\t<section class=\"elementor-section elementor-top-section elementor-element elementor-element-31e71fc elementor-section-boxed elementor-section-height-default elementor-section-height-default\" data-id=\"31e71fc\" data-element_type=\"section\" data-e-type=\"section\">\n\t\t\t\t\t\t<div class=\"elementor-container elementor-column-gap-default\">\n\t\t\t\t\t<div class=\"elementor-column elementor-col-100 elementor-top-column elementor-element elementor-element-0bb0d0b\" data-id=\"0bb0d0b\" data-element_type=\"column\" data-e-type=\"column\">\n\t\t\t<div class=\"elementor-widget-wrap elementor-element-populated\">\n\t\t\t\t\t\t<div class=\"elementor-element elementor-element-58baf67 elementor-widget elementor-widget-text-editor\" data-id=\"58baf67\" data-element_type=\"widget\" data-e-type=\"widget\" data-widget_type=\"text-editor.default\">\n\t\t\t\t<div class=\"elementor-widget-container\">\n\t\t\t\t\t\t\t\t\t<h3>Responsible service provider<\/h3><p>Responsible for the content of the domain semla.dfki.de from the point of view of \u00a7 5 TMG:<\/p><p><strong>Deutsches Forschungszentrum f\u00fcr K\u00fcnstliche Intelligenz GmbH (DFKI)<\/strong><\/p><p>Management:<br \/>Prof. Dr. Antonio Kr\u00fcger<br \/>Helmut Ditzer<\/p><p>Trippstadter Str. 122<br \/>67663 Kaiserslautern<br \/>Germany Phone: +49 631 20575 0<br \/>Fax: +49 631 20575 5030<br \/>Email:\u00a0<a href=\"mailto:info@dfki.de\">info@dfki.de<\/a><br \/>Website URL:\u00a0<a href=\"http:\/\/www.dfki.de\/\" target=\"_blank\" rel=\"noreferrer noopener\">www.dfki.de<\/a><\/p><p>Register Court: Amtsgericht Kaiserslautern<br \/>Register Number: HRB 2313<br \/>ID-Number: DE 148 646 973<\/p><h3>Responsible editor<\/h3><p>The person responsible for the editorial content of the domain semla.dfki.de of the German Research Center for Artificial Intelligence GmbH within the meaning of \u00a7 18 para. 2 MStV is:<\/p><p>Coordinator:<br \/>Dr. Jan Alexandersson<\/p><p>Stuhlsatzenhausweg 3<br \/>Saarland Informatics Campus D 3.2<br \/>Phone:\u00a0<a href=\"tel:+49681857750\">+49 (0)\u00a0681 85775 0<\/a><br \/>E-mail:\u00a0<a href=\"mailto:ccaal@dfki.de\">ccaal@dfki.de<\/a><\/p><h3>Liability for content<\/h3><p>As a service provider, Deutsches Forschungszentrum f\u00fcr K\u00fcnstliche Intelligenz GmbH (DFKI) is responsible under general law for its own content published on this website in accordance with Section 7 para. 1 of the German Telemedia Act (TMG).<\/p><p>DFKI makes every effort to keep the information on our website accurate and current, nevertheless, errors and uncertainties cannot be entirely ruled out. For this reason, DFKI undertakes no liability for ensuring that the provided information is current, accurate or complete, and is not responsible for its quality. DFKI is not liable for material or immaterial damages caused directly or indirectly by the use or non-use of the offered information, or by the use of erroneous and incomplete information, unless willful or grossly negligent fault can be demonstrated. This also applies with respect to software or data provided for download.<\/p><p>DFKI reserves the right to modify, expand or delete parts of the website or the entire website without separate announcement, or to cease publication temporarily or definitively.<\/p><h3>Liability for links<\/h3><p>Pursuant to Section 7 para. 1 of TMG (German Tele-Media Act), the law limits our responsibility as a service provider to our own content on this website. According to Sections 8 \u2013 10 TMG, we are not obliged to permanently monitor any transmitted or stored third-party information, nor to investigate circumstances that might indicate illegal activity. This does not affect our obligation to remove or block information according to general law. However, we can only assume liability for such data from the point in time at which a concrete legal infringement has been identified. Upon notification of any such legal infringement, we will immediately delete the infringing content.<\/p><p>Cross-references (\u201clinks\u201d) to the content providers are to be distinguished from our own content. Our offer includes links to external third-party websites. Providers or operators of linked external pages are always responsible for their respective content. We cannot assume any liability for the content of the linked pages. This third-party content was checked by DFKI when the links were first set up to determine whether any legal infringements existed. At the time of the check, no legal infringements were apparent. However, it cannot be ruled out that the content is subsequently changed by the respective providers. A permanent control of the content of the linked pages is not reasonable without evidence of a legal infringement. Should you believe that the linked external pages infringe applicable law or otherwise contain inappropriate content, please notify us directly at: info@dfki.de.<\/p><p>In case DFKI should notice or receive any indication that an external offer to which it has linked might cause civil or criminal liability, DFKI will immediately delete this link.<\/p><h3>Copyright<\/h3><p>The layout of the homepage, the graphics used and other content on the DFKI website are protected by copyright. The reproduction, processing, distribution and any type of use outside the boundaries of copyright law require the prior written approval of the DFKI. Insofar as any content on this page was not created by DFKI, the copyrights of third parties will be respected. If you believe that you discovered a copyright infringement, please report this to us accordingly. Upon becoming aware of any legal infringements, DFKI will remove or disable access to such infringing content immediately.<\/p>\t\t\t\t\t\t\t\t<\/div>\n\t\t\t\t<\/div>\n\t\t\t\t\t<\/div>\n\t\t<\/div>\n\t\t\t\t\t<\/div>\n\t\t<\/section>\n\t\t\t\t<\/div>\n\t\t","protected":false},"excerpt":{"rendered":"<p>Responsible service provider Responsible for the content of the domain semla.dfki.de from the point of view of \u00a7 5 TMG: Deutsches Forschungszentrum f\u00fcr K\u00fcnstliche Intelligenz GmbH (DFKI) Management:Prof. Dr. Antonio Kr\u00fcgerHelmut Ditzer Trippstadter Str. 12267663 KaiserslauternGermany Phone: +49 631 20575 0Fax: +49 631 20575 5030Email:\u00a0info@dfki.deWebsite URL:\u00a0www.dfki.de Register Court: Amtsgericht KaiserslauternRegister Number: HRB 2313ID-Number: DE 148&hellip;&nbsp;<a href=\"https:\/\/www.gain-twinning.eu\/?page_id=412\" rel=\"bookmark\">Read More &raquo;<span class=\"screen-reader-text\">Legal Notice<\/span><\/a><\/p>\n","protected":false},"author":1,"featured_media":0,"parent":0,"menu_order":0,"comment_status":"closed","ping_status":"closed","template":"page-templates\/template-pagebuilder-full-width.php","meta":{"neve_meta_sidebar":"","neve_meta_container":"","neve_meta_enable_content_width":"","neve_meta_content_width":0,"neve_meta_title_alignment":"","neve_meta_author_avatar":"","neve_post_elements_order":"","neve_meta_disable_header":"","neve_meta_disable_footer":"","neve_meta_disable_title":"","_themeisle_gutenberg_block_has_review":false,"footnotes":""},"class_list":["post-412","page","type-page","status-publish","hentry"],"_links":{"self":[{"href":"https:\/\/www.gain-twinning.eu\/index.php?rest_route=\/wp\/v2\/pages\/412","targetHints":{"allow":["GET"]}}],"collection":[{"href":"https:\/\/www.gain-twinning.eu\/index.php?rest_route=\/wp\/v2\/pages"}],"about":[{"href":"https:\/\/www.gain-twinning.eu\/index.php?rest_route=\/wp\/v2\/types\/page"}],"author":[{"embeddable":true,"href":"https:\/\/www.gain-twinning.eu\/index.php?rest_route=\/wp\/v2\/users\/1"}],"replies":[{"embeddable":true,"href":"https:\/\/www.gain-twinning.eu\/index.php?rest_route=%2Fwp%2Fv2%2Fcomments&post=412"}],"version-history":[{"count":7,"href":"https:\/\/www.gain-twinning.eu\/index.php?rest_route=\/wp\/v2\/pages\/412\/revisions"}],"predecessor-version":[{"id":552,"href":"https:\/\/www.gain-twinning.eu\/index.php?rest_route=\/wp\/v2\/pages\/412\/revisions\/552"}],"wp:attachment":[{"href":"https:\/\/www.gain-twinning.eu\/index.php?rest_route=%2Fwp%2Fv2%2Fmedia&parent=412"}],"curies":[{"name":"wp","href":"https:\/\/api.w.org\/{rel}","templated":true}]}}